{"id":8,"date":"2024-07-02T22:11:58","date_gmt":"2024-07-02T20:11:58","guid":{"rendered":"http:\/\/manonvancoillie.com\/?page_id=8"},"modified":"2024-07-02T22:11:58","modified_gmt":"2024-07-02T20:11:58","slug":"site-en-construction","status":"publish","type":"page","link":"https:\/\/manonvancoillie.com\/","title":{"rendered":"Site en construction"},"content":{"rendered":"\n<figure class=\"wp-block-image size-large\"><img loading=\"lazy\" decoding=\"async\" width=\"2268\" height=\"2268\" src=\"http:\/\/manonvancoillie.com\/wp-content\/uploads\/2024\/07\/IMG_2850-edited.jpeg\" alt=\"\" class=\"wp-image-12\" srcset=\"https:\/\/manonvancoillie.com\/wp-content\/uploads\/2024\/07\/IMG_2850-edited.jpeg 2268w, https:\/\/manonvancoillie.com\/wp-content\/uploads\/2024\/07\/IMG_2850-edited-300x300.jpeg 300w, https:\/\/manonvancoillie.com\/wp-content\/uploads\/2024\/07\/IMG_2850-edited-1024x1024.jpeg 1024w, https:\/\/manonvancoillie.com\/wp-content\/uploads\/2024\/07\/IMG_2850-edited-150x150.jpeg 150w, https:\/\/manonvancoillie.com\/wp-content\/uploads\/2024\/07\/IMG_2850-edited-768x768.jpeg 768w, https:\/\/manonvancoillie.com\/wp-content\/uploads\/2024\/07\/IMG_2850-edited-1536x1536.jpeg 1536w, https:\/\/manonvancoillie.com\/wp-content\/uploads\/2024\/07\/IMG_2850-edited-2048x2048.jpeg 2048w\" sizes=\"auto, (max-width: 2268px) 100vw, 2268px\" \/><\/figure>\n\n\n\n<p>Bonjour, mon site est en construction, j&rsquo;esp\u00e8re pouvoir vous y pr\u00e9senter mon travail tr\u00e8s prochainement ! En attentant, n&rsquo;h\u00e9sitez pas \u00e0 me contacter par mail \u00e0 l&rsquo;adresse manonvancoillie@hotmail.fr ou \u00e0 aller sur mon compte instagram <a href=\"https:\/\/www.instagram.com\/manon_vancoillie\/\">https:\/\/www.instagram.com\/manon_vancoillie\/<\/a><\/p>\n\n\n\n<p><\/p>\n","protected":false},"excerpt":{"rendered":"<p>Bonjour, mon site est en construction, j&rsquo;esp\u00e8re pouvoir vous y pr\u00e9senter mon travail tr\u00e8s prochainement ! En attentant, n&rsquo;h\u00e9sitez pas \u00e0 me contacter par mail \u00e0 l&rsquo;adresse manonvancoillie@hotmail.fr ou \u00e0 aller sur mon compte instagram https:\/\/www.instagram.com\/manon_vancoillie\/<\/p>\n","protected":false},"author":1,"featured_media":0,"parent":0,"menu_order":0,"comment_status":"closed","ping_status":"closed","template":"","meta":{"footnotes":""},"class_list":["post-8","page","type-page","status-publish","hentry"],"_links":{"self":[{"href":"https:\/\/manonvancoillie.com\/index.php\/wp-json\/wp\/v2\/pages\/8","targetHints":{"allow":["GET"]}}],"collection":[{"href":"https:\/\/manonvancoillie.com\/index.php\/wp-json\/wp\/v2\/pages"}],"about":[{"href":"https:\/\/manonvancoillie.com\/index.php\/wp-json\/wp\/v2\/types\/page"}],"author":[{"embeddable":true,"href":"https:\/\/manonvancoillie.com\/index.php\/wp-json\/wp\/v2\/users\/1"}],"replies":[{"embeddable":true,"href":"https:\/\/manonvancoillie.com\/index.php\/wp-json\/wp\/v2\/comments?post=8"}],"version-history":[{"count":4,"href":"https:\/\/manonvancoillie.com\/index.php\/wp-json\/wp\/v2\/pages\/8\/revisions"}],"predecessor-version":[{"id":27,"href":"https:\/\/manonvancoillie.com\/index.php\/wp-json\/wp\/v2\/pages\/8\/revisions\/27"}],"wp:attachment":[{"href":"https:\/\/manonvancoillie.com\/index.php\/wp-json\/wp\/v2\/media?parent=8"}],"curies":[{"name":"wp","href":"https:\/\/api.w.org\/{rel}","templated":true}]}}